{"id":18737,"date":"2025-02-10T14:05:32","date_gmt":"2025-02-10T12:05:32","guid":{"rendered":"https:\/\/erasmusplus.idep.org.cy\/draseis\/vasiki-drasi-1\/neolaia\/geniki-prosklisi-diagonismos\/"},"modified":"2026-03-09T11:22:48","modified_gmt":"2026-03-09T09:22:48","slug":"geniki-prosklisi-diagonismos","status":"publish","type":"page","link":"https:\/\/erasmusplus.idep.org.cy\/tr\/draseis\/vasiki-drasi-1\/neolaia\/geniki-prosklisi-diagonismos\/","title":{"rendered":"DiscoverEU Genel \u00c7a\u011fr\u0131"},"content":{"rendered":"\t\t<div data-elementor-type=\"wp-page\" data-elementor-id=\"18737\" class=\"elementor elementor-18737 elementor-18418\" data-elementor-post-type=\"page\">\n\t\t\t\t\t\t<section class=\"elementor-section elementor-top-section elementor-element elementor-element-2dcc48a elementor-reverse-tablet elementor-reverse-mobile elementor-section-boxed elementor-section-height-default elementor-section-height-default\" data-id=\"2dcc48a\" data-element_type=\"section\" data-e-type=\"section\">\n\t\t\t\t\t\t<div class=\"elementor-container elementor-column-gap-wider\">\n\t\t\t\t\t<div class=\"elementor-column elementor-col-50 elementor-top-column elementor-element elementor-element-a7a712c\" data-id=\"a7a712c\" data-element_type=\"column\" data-e-type=\"column\">\n\t\t\t<div class=\"elementor-widget-wrap elementor-element-populated\">\n\t\t\t\t\t\t<div class=\"elementor-element elementor-element-44dc199 elementor-widget elementor-widget-heading\" data-id=\"44dc199\" data-element_type=\"widget\" data-e-type=\"widget\" data-widget_type=\"heading.default\">\n\t\t\t\t<div class=\"elementor-widget-container\">\n\t\t\t\t\t<h3 class=\"elementor-heading-title elementor-size-default\">DiscoverEU Genel \u00c7a\u011fr\u0131 <\/h3>\t\t\t\t<\/div>\n\t\t\t\t<\/div>\n\t\t\t\t<div class=\"elementor-element elementor-element-eb21ee1 elementor-widget elementor-widget-spacer\" data-id=\"eb21ee1\" data-element_type=\"widget\" data-e-type=\"widget\" data-widget_type=\"spacer.default\">\n\t\t\t\t<div class=\"elementor-widget-container\">\n\t\t\t\t\t\t\t<div class=\"elementor-spacer\">\n\t\t\t<div class=\"elementor-spacer-inner\"><\/div>\n\t\t<\/div>\n\t\t\t\t\t\t<\/div>\n\t\t\t\t<\/div>\n\t\t\t\t<div class=\"elementor-element elementor-element-572cddf elementor-widget elementor-widget-text-editor\" data-id=\"572cddf\" data-element_type=\"widget\" data-e-type=\"widget\" data-widget_type=\"text-editor.default\">\n\t\t\t\t<div class=\"elementor-widget-container\">\n\t\t\t\t\t\t\t\t\t<p>DiscoverEU, gen\u00e7lere Avrupa&#8217;n\u0131n demiryolu a\u011f\u0131nda seyahat ederek Avrupa&#8217;n\u0131n \u00e7e\u015fitlili\u011fini ke\u015ffetme, k\u00fclt\u00fcrel miras\u0131 ve tarihi hakk\u0131nda bilgi edinme ve k\u0131tan\u0131n d\u00f6rt bir yan\u0131ndan insanlarla ba\u011flant\u0131 kurma f\u0131rsat\u0131 sunan bir Erasmus+ faaliyetidir.<\/p><p>DiscoverEU Genel \u00c7a\u011fr\u0131s\u0131, Avrupa Komisyonu taraf\u0131ndan merkezi olarak y\u00f6netilen bir yar\u0131\u015fmad\u0131r. K\u0131sa ve basit bir testi yan\u0131tlayarak yar\u0131\u015fma yoluyla se\u00e7ilen t\u00fcm bireyler bir demiryolu seyahat kart\u0131 kazanacakt\u0131r. Buna ek olarak, se\u00e7ilenler k\u00fclt\u00fcrel ziyaretler, \u00f6\u011frenme faaliyetleri, spor, yerel ula\u015f\u0131m, konaklama ve yiyeceklerde bir dizi indirim i\u00e7eren <a href=\"https:\/\/eyca.org\/discounts\">DiscoverEU Avrupa Gen\u00e7lik Kart\u0131n\u0131<\/a> al\u0131rlar. \u0130stisnai durumlarda ve ba\u015fka bir ula\u015f\u0131m arac\u0131n\u0131n mevcut olmad\u0131\u011f\u0131 durumlarda, u\u00e7ak seyahati sunulacakt\u0131r. Bu ayn\u0131 zamanda uzak b\u00f6lgelerde veya K\u0131br\u0131s gibi adalarda ya\u015fayan gen\u00e7lerin DiscoverEU&#8217;ya kat\u0131labilmelerini sa\u011flayacakt\u0131r.<\/p>\t\t\t\t\t\t\t\t<\/div>\n\t\t\t\t<\/div>\n\t\t\t\t<div class=\"elementor-element elementor-element-7913638 elementor-widget elementor-widget-spacer\" data-id=\"7913638\" data-element_type=\"widget\" data-e-type=\"widget\" data-widget_type=\"spacer.default\">\n\t\t\t\t<div class=\"elementor-widget-container\">\n\t\t\t\t\t\t\t<div class=\"elementor-spacer\">\n\t\t\t<div class=\"elementor-spacer-inner\"><\/div>\n\t\t<\/div>\n\t\t\t\t\t\t<\/div>\n\t\t\t\t<\/div>\n\t\t\t\t\t<\/div>\n\t\t<\/div>\n\t\t\t\t<div class=\"elementor-column elementor-col-50 elementor-top-column elementor-element elementor-element-0a50a84\" data-id=\"0a50a84\" data-element_type=\"column\" data-e-type=\"column\">\n\t\t\t<div class=\"elementor-widget-wrap elementor-element-populated\">\n\t\t\t\t\t\t<div class=\"elementor-element elementor-element-53aa704 elementor-widget__width-initial elementor-widget-mobile__width-auto e-transform e-transform elementor-widget elementor-widget-image\" data-id=\"53aa704\" data-element_type=\"widget\" data-e-type=\"widget\" data-settings=\"{&quot;_transform_scale_effect&quot;:{&quot;unit&quot;:&quot;px&quot;,&quot;size&quot;:0.90000000000000002220446049250313080847263336181640625,&quot;sizes&quot;:[]},&quot;_transform_translateX_effect&quot;:{&quot;unit&quot;:&quot;%&quot;,&quot;size&quot;:4,&quot;sizes&quot;:[]},&quot;_transform_translateX_effect_tablet&quot;:{&quot;unit&quot;:&quot;%&quot;,&quot;size&quot;:&quot;&quot;,&quot;sizes&quot;:[]},&quot;_transform_translateX_effect_mobile&quot;:{&quot;unit&quot;:&quot;%&quot;,&quot;size&quot;:&quot;&quot;,&quot;sizes&quot;:[]},&quot;_transform_translateY_effect&quot;:{&quot;unit&quot;:&quot;px&quot;,&quot;size&quot;:&quot;&quot;,&quot;sizes&quot;:[]},&quot;_transform_translateY_effect_tablet&quot;:{&quot;unit&quot;:&quot;px&quot;,&quot;size&quot;:&quot;&quot;,&quot;sizes&quot;:[]},&quot;_transform_translateY_effect_mobile&quot;:{&quot;unit&quot;:&quot;px&quot;,&quot;size&quot;:&quot;&quot;,&quot;sizes&quot;:[]},&quot;_transform_scale_effect_tablet&quot;:{&quot;unit&quot;:&quot;px&quot;,&quot;size&quot;:&quot;&quot;,&quot;sizes&quot;:[]},&quot;_transform_scale_effect_mobile&quot;:{&quot;unit&quot;:&quot;px&quot;,&quot;size&quot;:&quot;&quot;,&quot;sizes&quot;:[]}}\" data-widget_type=\"image.default\">\n\t\t\t\t<div class=\"elementor-widget-container\">\n\t\t\t\t\t\t\t\t\t\t\t\t\t\t\t<img decoding=\"async\" src=\"https:\/\/erasmusplus.idep.org.cy\/wp-content\/uploads\/elementor\/thumbs\/Erasmus-SECTOR_Youth-H-r13vr3jyasatd01hi6ufuzmgytof0rx5krg3w1imjk.jpg\" title=\"Erasmus-SECTOR_Youth-H\" alt=\"Erasmus-SECTOR_Youth-H\" loading=\"lazy\" \/>\t\t\t\t\t\t\t\t\t\t\t\t\t\t\t<\/div>\n\t\t\t\t<\/div>\n\t\t\t\t<div class=\"elementor-element elementor-element-b75201d elementor-widget__width-initial elementor-widget-mobile__width-auto elementor-absolute e-transform e-transform elementor-widget elementor-widget-image\" data-id=\"b75201d\" data-element_type=\"widget\" data-e-type=\"widget\" data-settings=\"{&quot;_position&quot;:&quot;absolute&quot;,&quot;_transform_translateX_effect&quot;:{&quot;unit&quot;:&quot;%&quot;,&quot;size&quot;:-20,&quot;sizes&quot;:[]},&quot;_transform_translateX_effect_tablet&quot;:{&quot;unit&quot;:&quot;%&quot;,&quot;size&quot;:&quot;&quot;,&quot;sizes&quot;:[]},&quot;_transform_translateX_effect_mobile&quot;:{&quot;unit&quot;:&quot;%&quot;,&quot;size&quot;:&quot;&quot;,&quot;sizes&quot;:[]},&quot;_transform_translateY_effect&quot;:{&quot;unit&quot;:&quot;%&quot;,&quot;size&quot;:-11,&quot;sizes&quot;:[]},&quot;_transform_translateY_effect_tablet&quot;:{&quot;unit&quot;:&quot;%&quot;,&quot;size&quot;:&quot;&quot;,&quot;sizes&quot;:[]},&quot;_transform_translateY_effect_mobile&quot;:{&quot;unit&quot;:&quot;%&quot;,&quot;size&quot;:&quot;&quot;,&quot;sizes&quot;:[]},&quot;_transform_scale_effect&quot;:{&quot;unit&quot;:&quot;px&quot;,&quot;size&quot;:0.59999999999999997779553950749686919152736663818359375,&quot;sizes&quot;:[]},&quot;_transform_scale_effect_tablet&quot;:{&quot;unit&quot;:&quot;px&quot;,&quot;size&quot;:&quot;&quot;,&quot;sizes&quot;:[]},&quot;_transform_scale_effect_mobile&quot;:{&quot;unit&quot;:&quot;px&quot;,&quot;size&quot;:&quot;&quot;,&quot;sizes&quot;:[]}}\" data-widget_type=\"image.default\">\n\t\t\t\t<div class=\"elementor-widget-container\">\n\t\t\t\t\t\t\t\t\t\t\t\t\t\t\t<img decoding=\"async\" src=\"https:\/\/erasmusplus.idep.org.cy\/wp-content\/uploads\/2022\/10\/sqr012-col1.svg\" title=\"sqr012-col1\" alt=\"sqr012-col1\" loading=\"lazy\" \/>\t\t\t\t\t\t\t\t\t\t\t\t\t\t\t<\/div>\n\t\t\t\t<\/div>\n\t\t\t\t\t<\/div>\n\t\t<\/div>\n\t\t\t\t\t<\/div>\n\t\t<\/section>\n\t\t\t\t<section class=\"elementor-section elementor-top-section elementor-element elementor-element-da88435 elementor-section-boxed elementor-section-height-default elementor-section-height-default\" data-id=\"da88435\" data-element_type=\"section\" data-e-type=\"section\">\n\t\t\t\t\t\t<div class=\"elementor-container elementor-column-gap-wider\">\n\t\t\t\t\t<div class=\"elementor-column elementor-col-50 elementor-top-column elementor-element elementor-element-a1055ca\" data-id=\"a1055ca\" data-element_type=\"column\" data-e-type=\"column\">\n\t\t\t<div class=\"elementor-widget-wrap elementor-element-populated\">\n\t\t\t\t\t\t<div class=\"elementor-element elementor-element-d7e2ef5 elementor-widget elementor-widget-heading\" data-id=\"d7e2ef5\" data-element_type=\"widget\" data-e-type=\"widget\" data-widget_type=\"heading.default\">\n\t\t\t\t<div class=\"elementor-widget-container\">\n\t\t\t\t\t<h4 class=\"elementor-heading-title elementor-size-default\">Uygun Yar\u0131\u015fma Kat\u0131l\u0131mc\u0131lar\u0131<\/h4>\t\t\t\t<\/div>\n\t\t\t\t<\/div>\n\t\t\t\t\t<\/div>\n\t\t<\/div>\n\t\t\t\t<div class=\"elementor-column elementor-col-50 elementor-top-column elementor-element elementor-element-081f7cf\" data-id=\"081f7cf\" data-element_type=\"column\" data-e-type=\"column\">\n\t\t\t<div class=\"elementor-widget-wrap elementor-element-populated\">\n\t\t\t\t\t\t<div class=\"elementor-element elementor-element-84a0bcb elementor-widget elementor-widget-heading\" data-id=\"84a0bcb\" data-element_type=\"widget\" data-e-type=\"widget\" data-widget_type=\"heading.default\">\n\t\t\t\t<div class=\"elementor-widget-container\">\n\t\t\t\t\t<h4 class=\"elementor-heading-title elementor-size-default\">DiscoverEU Genel \u00c7a\u011fr\u0131s\u0131 a\u015fa\u011f\u0131daki ki\u015filere a\u00e7\u0131kt\u0131r: <\/h4>\t\t\t\t<\/div>\n\t\t\t\t<\/div>\n\t\t\t\t<div class=\"elementor-element elementor-element-be65a86 elementor-widget elementor-widget-spacer\" data-id=\"be65a86\" data-element_type=\"widget\" data-e-type=\"widget\" data-widget_type=\"spacer.default\">\n\t\t\t\t<div class=\"elementor-widget-container\">\n\t\t\t\t\t\t\t<div class=\"elementor-spacer\">\n\t\t\t<div class=\"elementor-spacer-inner\"><\/div>\n\t\t<\/div>\n\t\t\t\t\t\t<\/div>\n\t\t\t\t<\/div>\n\t\t\t\t<div class=\"elementor-element elementor-element-ee4475a elementor-icon-list--layout-traditional elementor-list-item-link-full_width elementor-widget elementor-widget-icon-list\" data-id=\"ee4475a\" data-element_type=\"widget\" data-e-type=\"widget\" data-widget_type=\"icon-list.default\">\n\t\t\t\t<div class=\"elementor-widget-container\">\n\t\t\t\t\t\t\t<ul class=\"elementor-icon-list-items\">\n\t\t\t\t\t\t\t<li class=\"elementor-icon-list-item\">\n\t\t\t\t\t\t\t\t\t\t\t<span class=\"elementor-icon-list-icon\">\n\t\t\t\t\t\t\t<svg aria-hidden=\"true\" class=\"e-font-icon-svg e-fas-check\" viewBox=\"0 0 512 512\" xmlns=\"http:\/\/www.w3.org\/2000\/svg\"><path d=\"M173.898 439.404l-166.4-166.4c-9.997-9.997-9.997-26.206 0-36.204l36.203-36.204c9.997-9.998 26.207-9.998 36.204 0L192 312.69 432.095 72.596c9.997-9.997 26.207-9.997 36.204 0l36.203 36.204c9.997 9.997 9.997 26.206 0 36.204l-294.4 294.401c-9.998 9.997-26.207 9.997-36.204-.001z\"><\/path><\/svg>\t\t\t\t\t\t<\/span>\n\t\t\t\t\t\t\t\t\t\t<span class=\"elementor-icon-list-text\">Seyahat d\u00f6neminin ilk g\u00fcn\u00fcnde 18 ya\u015f\u0131n\u0131 doldurmu\u015f olanlar.<\/span>\n\t\t\t\t\t\t\t\t\t<\/li>\n\t\t\t\t\t\t\t\t<li class=\"elementor-icon-list-item\">\n\t\t\t\t\t\t\t\t\t\t\t<span class=\"elementor-icon-list-icon\">\n\t\t\t\t\t\t\t<svg aria-hidden=\"true\" class=\"e-font-icon-svg e-fas-check\" viewBox=\"0 0 512 512\" xmlns=\"http:\/\/www.w3.org\/2000\/svg\"><path d=\"M173.898 439.404l-166.4-166.4c-9.997-9.997-9.997-26.206 0-36.204l36.203-36.204c9.997-9.998 26.207-9.998 36.204 0L192 312.69 432.095 72.596c9.997-9.997 26.207-9.997 36.204 0l36.203 36.204c9.997 9.997 9.997 26.206 0 36.204l-294.4 294.401c-9.998 9.997-26.207 9.997-36.204-.001z\"><\/path><\/svg>\t\t\t\t\t\t<\/span>\n\t\t\t\t\t\t\t\t\t\t<span class=\"elementor-icon-list-text\">\tDeniza\u015f\u0131r\u0131 \u00dclkeler ve B\u00f6lgeler (D\u00dcB'ler) de dahil olmak \u00fczere Avrupa Birli\u011fi \u00dcye Devletlerinden birinin vatanda\u015f\u0131 olan veya bu \u00fclkelerde ikamet eden veya Erasmus+ program\u0131 ile ili\u015fkili \u00fc\u00e7\u00fcnc\u00fc \u00fclkelerden birinde (Kuzey Makedonya, \u0130zlanda, Lihten\u015ftayn, Norve\u00e7, \u0130zlanda, Lihten\u015ftayn, S\u0131rbistan, Norve\u00e7, S\u0131rbistan ve T\u00fcrkiye) ikamet edenler<\/span>\n\t\t\t\t\t\t\t\t\t<\/li>\n\t\t\t\t\t\t<\/ul>\n\t\t\t\t\t\t<\/div>\n\t\t\t\t<\/div>\n\t\t\t\t<div class=\"elementor-element elementor-element-3174d0c elementor-widget elementor-widget-spacer\" data-id=\"3174d0c\" data-element_type=\"widget\" data-e-type=\"widget\" data-widget_type=\"spacer.default\">\n\t\t\t\t<div class=\"elementor-widget-container\">\n\t\t\t\t\t\t\t<div class=\"elementor-spacer\">\n\t\t\t<div class=\"elementor-spacer-inner\"><\/div>\n\t\t<\/div>\n\t\t\t\t\t\t<\/div>\n\t\t\t\t<\/div>\n\t\t\t\t<div class=\"elementor-element elementor-element-d7fe761 list-links elementor-icon-list--layout-traditional elementor-list-item-link-full_width elementor-widget elementor-widget-icon-list\" data-id=\"d7fe761\" data-element_type=\"widget\" data-e-type=\"widget\" data-widget_type=\"icon-list.default\">\n\t\t\t\t<div class=\"elementor-widget-container\">\n\t\t\t\t\t\t\t<ul class=\"elementor-icon-list-items\">\n\t\t\t\t\t\t\t<li class=\"elementor-icon-list-item\">\n\t\t\t\t\t\t\t\t\t\t<span class=\"elementor-icon-list-text\"><p>Eylem, ilgilerini do\u011frudan Avrupa Gen\u00e7lik Portal\u0131na kaydeden bireylere veya en fazla 4 ki\u015filik gruplara a\u00e7\u0131kt\u0131r. <\/p> <p>Her \u00fclkede se\u00e7ilen DiscoverEU gezginleri i\u00e7in, Hayatboyu \u00d6\u011frenme Enstit\u00fcs\u00fc gibi Erasmus+ Ulusal Ajanslar\u0131 di\u011fer gezginlerle a\u011f kurma, bilgi edinme ve bulu\u015fma f\u0131rsatlar\u0131 sunuyor. Ulusal Ajanslar taraf\u0131ndan d\u00fczenlenen MeetUp g\u00f6r\u00fc\u015fmeleri hakk\u0131nda daha fazla bilgiye<a href=\"https:\/\/youth.europa.eu\/discovereu\/meetups_en\"> buradan<\/a> ula\u015fabilirsiniz. <\/p> <p>Genel \u00c7a\u011fr\u0131 hakk\u0131nda daha fazla bilgi ve yar\u0131\u015fma ba\u015fvuru formu i\u00e7in l\u00fctfen <a href=\"https:\/\/europa.eu\/youth\/discovereu_el\">buradaki<\/a> ba\u011flant\u0131y\u0131 takip edin. <\/p><\/span>\n\t\t\t\t\t\t\t\t\t<\/li>\n\t\t\t\t\t\t<\/ul>\n\t\t\t\t\t\t<\/div>\n\t\t\t\t<\/div>\n\t\t\t\t\t<\/div>\n\t\t<\/div>\n\t\t\t\t\t<\/div>\n\t\t<\/section>\n\t\t\t\t<section class=\"elementor-section elementor-top-section elementor-element elementor-element-cae1f42 elementor-section-boxed elementor-section-height-default elementor-section-height-default\" data-id=\"cae1f42\" data-element_type=\"section\" data-e-type=\"section\">\n\t\t\t\t\t\t<div class=\"elementor-container elementor-column-gap-wider\">\n\t\t\t\t\t<div class=\"elementor-column elementor-col-50 elementor-top-column elementor-element elementor-element-2e97757\" data-id=\"2e97757\" data-element_type=\"column\" data-e-type=\"column\">\n\t\t\t<div class=\"elementor-widget-wrap elementor-element-populated\">\n\t\t\t\t\t\t<div class=\"elementor-element elementor-element-534e636 elementor-widget elementor-widget-heading\" data-id=\"534e636\" data-element_type=\"widget\" data-e-type=\"widget\" data-widget_type=\"heading.default\">\n\t\t\t\t<div class=\"elementor-widget-container\">\n\t\t\t\t\t<h4 class=\"elementor-heading-title elementor-size-default\">Yararl\u0131 DiscoverEU ba\u011flant\u0131lar\u0131<\/h4>\t\t\t\t<\/div>\n\t\t\t\t<\/div>\n\t\t\t\t\t<\/div>\n\t\t<\/div>\n\t\t\t\t<div class=\"elementor-column elementor-col-50 elementor-top-column elementor-element elementor-element-17aeced\" data-id=\"17aeced\" data-element_type=\"column\" data-e-type=\"column\">\n\t\t\t<div class=\"elementor-widget-wrap elementor-element-populated\">\n\t\t\t\t\t\t<div class=\"elementor-element elementor-element-45056f4 list-links elementor-icon-list--layout-traditional elementor-list-item-link-full_width elementor-widget elementor-widget-icon-list\" data-id=\"45056f4\" data-element_type=\"widget\" data-e-type=\"widget\" data-widget_type=\"icon-list.default\">\n\t\t\t\t<div class=\"elementor-widget-container\">\n\t\t\t\t\t\t\t<ul class=\"elementor-icon-list-items\">\n\t\t\t\t\t\t\t<li class=\"elementor-icon-list-item\">\n\t\t\t\t\t\t\t\t\t\t\t<a href=\"https:\/\/europa.eu\/youth\/discovereu_en\" target=\"_blank\">\n\n\t\t\t\t\t\t\t\t\t\t\t\t<span class=\"elementor-icon-list-icon\">\n\t\t\t\t\t\t\t<svg aria-hidden=\"true\" class=\"e-font-icon-svg e-fas-check\" viewBox=\"0 0 512 512\" xmlns=\"http:\/\/www.w3.org\/2000\/svg\"><path d=\"M173.898 439.404l-166.4-166.4c-9.997-9.997-9.997-26.206 0-36.204l36.203-36.204c9.997-9.998 26.207-9.998 36.204 0L192 312.69 432.095 72.596c9.997-9.997 26.207-9.997 36.204 0l36.203 36.204c9.997 9.997 9.997 26.206 0 36.204l-294.4 294.401c-9.998 9.997-26.207 9.997-36.204-.001z\"><\/path><\/svg>\t\t\t\t\t\t<\/span>\n\t\t\t\t\t\t\t\t\t\t<span class=\"elementor-icon-list-text\">DiscoverEU web sitesi<\/span>\n\t\t\t\t\t\t\t\t\t\t\t<\/a>\n\t\t\t\t\t\t\t\t\t<\/li>\n\t\t\t\t\t\t\t\t<li class=\"elementor-icon-list-item\">\n\t\t\t\t\t\t\t\t\t\t\t<a href=\"https:\/\/www.facebook.com\/groups\/245370079553195\/about\/\" target=\"_blank\">\n\n\t\t\t\t\t\t\t\t\t\t\t\t<span class=\"elementor-icon-list-icon\">\n\t\t\t\t\t\t\t<svg aria-hidden=\"true\" class=\"e-font-icon-svg e-fas-check\" viewBox=\"0 0 512 512\" xmlns=\"http:\/\/www.w3.org\/2000\/svg\"><path d=\"M173.898 439.404l-166.4-166.4c-9.997-9.997-9.997-26.206 0-36.204l36.203-36.204c9.997-9.998 26.207-9.998 36.204 0L192 312.69 432.095 72.596c9.997-9.997 26.207-9.997 36.204 0l36.203 36.204c9.997 9.997 9.997 26.206 0 36.204l-294.4 294.401c-9.998 9.997-26.207 9.997-36.204-.001z\"><\/path><\/svg>\t\t\t\t\t\t<\/span>\n\t\t\t\t\t\t\t\t\t\t<span class=\"elementor-icon-list-text\">DiscoverEU Resmi Facebook Grubu<\/span>\n\t\t\t\t\t\t\t\t\t\t\t<\/a>\n\t\t\t\t\t\t\t\t\t<\/li>\n\t\t\t\t\t\t\t\t<li class=\"elementor-icon-list-item\">\n\t\t\t\t\t\t\t\t\t\t\t<a href=\"https:\/\/europa.eu\/youth\/home_el\" target=\"_blank\">\n\n\t\t\t\t\t\t\t\t\t\t\t\t<span class=\"elementor-icon-list-icon\">\n\t\t\t\t\t\t\t<svg aria-hidden=\"true\" class=\"e-font-icon-svg e-fas-check\" viewBox=\"0 0 512 512\" xmlns=\"http:\/\/www.w3.org\/2000\/svg\"><path d=\"M173.898 439.404l-166.4-166.4c-9.997-9.997-9.997-26.206 0-36.204l36.203-36.204c9.997-9.998 26.207-9.998 36.204 0L192 312.69 432.095 72.596c9.997-9.997 26.207-9.997 36.204 0l36.203 36.204c9.997 9.997 9.997 26.206 0 36.204l-294.4 294.401c-9.998 9.997-26.207 9.997-36.204-.001z\"><\/path><\/svg>\t\t\t\t\t\t<\/span>\n\t\t\t\t\t\t\t\t\t\t<span class=\"elementor-icon-list-text\">Avrupa Gen\u00e7lik Portal\u0131<\/span>\n\t\t\t\t\t\t\t\t\t\t\t<\/a>\n\t\t\t\t\t\t\t\t\t<\/li>\n\t\t\t\t\t\t\t\t<li class=\"elementor-icon-list-item\">\n\t\t\t\t\t\t\t\t\t\t\t<a href=\"https:\/\/europa.eu\/youth\/home_el\" target=\"_blank\">\n\n\t\t\t\t\t\t\t\t\t\t\t\t<span class=\"elementor-icon-list-icon\">\n\t\t\t\t\t\t\t<svg aria-hidden=\"true\" class=\"e-font-icon-svg e-fas-check\" viewBox=\"0 0 512 512\" xmlns=\"http:\/\/www.w3.org\/2000\/svg\"><path d=\"M173.898 439.404l-166.4-166.4c-9.997-9.997-9.997-26.206 0-36.204l36.203-36.204c9.997-9.998 26.207-9.998 36.204 0L192 312.69 432.095 72.596c9.997-9.997 26.207-9.997 36.204 0l36.203 36.204c9.997 9.997 9.997 26.206 0 36.204l-294.4 294.401c-9.998 9.997-26.207 9.997-36.204-.001z\"><\/path><\/svg>\t\t\t\t\t\t<\/span>\n\t\t\t\t\t\t\t\t\t\t<span class=\"elementor-icon-list-text\">DiscoverEU Gezgin Bilgi Paketi: <strong><a href=\"https:\/\/erasmusplus.idep.org.cy\/wp-content\/uploads\/2025\/02\/Pre-departure-Info-Kit-GR-2025.pdf\" target=\"_blank\"> EL<\/a><\/strong>,&nbsp;<strong><a href=\"https:\/\/erasmusplus.idep.org.cy\/wp-content\/uploads\/2025\/02\/Pre-departure-Info-Kit-ENG-2025.pdf\" target=\"_blank\">EN<\/a><\/strong><\/span>\n\t\t\t\t\t\t\t\t\t\t\t<\/a>\n\t\t\t\t\t\t\t\t\t<\/li>\n\t\t\t\t\t\t<\/ul>\n\t\t\t\t\t\t<\/div>\n\t\t\t\t<\/div>\n\t\t\t\t<div class=\"elementor-element elementor-element-7bd074d elementor-widget elementor-widget-spacer\" data-id=\"7bd074d\" data-element_type=\"widget\" data-e-type=\"widget\" data-widget_type=\"spacer.default\">\n\t\t\t\t<div class=\"elementor-widget-container\">\n\t\t\t\t\t\t\t<div class=\"elementor-spacer\">\n\t\t\t<div class=\"elementor-spacer-inner\"><\/div>\n\t\t<\/div>\n\t\t\t\t\t\t<\/div>\n\t\t\t\t<\/div>\n\t\t\t\t\t<\/div>\n\t\t<\/div>\n\t\t\t\t\t<\/div>\n\t\t<\/section>\n\t\t\t\t<section class=\"elementor-section elementor-top-section elementor-element elementor-element-7da030a elementor-section-content-middle elementor-section-stretched elementor-section-boxed elementor-section-height-default elementor-section-height-default\" data-id=\"7da030a\" data-element_type=\"section\" data-e-type=\"section\" data-settings=\"{&quot;background_background&quot;:&quot;classic&quot;,&quot;stretch_section&quot;:&quot;section-stretched&quot;}\">\n\t\t\t\t\t\t\t<div class=\"elementor-background-overlay\"><\/div>\n\t\t\t\t\t\t\t<div class=\"elementor-container elementor-column-gap-wider\">\n\t\t\t\t\t<div class=\"elementor-column elementor-col-100 elementor-top-column elementor-element elementor-element-0a2347e\" data-id=\"0a2347e\" data-element_type=\"column\" data-e-type=\"column\">\n\t\t\t<div class=\"elementor-widget-wrap\">\n\t\t\t\t\t\t\t<\/div>\n\t\t<\/div>\n\t\t\t\t\t<\/div>\n\t\t<\/section>\n\t\t\t\t<\/div>\n\t\t","protected":false},"excerpt":{"rendered":"<p>DiscoverEU Genel \u00c7a\u011fr\u0131 DiscoverEU, gen\u00e7lere Avrupa&#8217;n\u0131n demiryolu a\u011f\u0131nda seyahat ederek Avrupa&#8217;n\u0131n \u00e7e\u015fitlili\u011fini ke\u015ffetme, k\u00fclt\u00fcrel miras\u0131 ve tarihi hakk\u0131nda bilgi edinme ve k\u0131tan\u0131n d\u00f6rt bir yan\u0131ndan insanlarla ba\u011flant\u0131 kurma f\u0131rsat\u0131 sunan bir Erasmus+ faaliyetidir. DiscoverEU Genel \u00c7a\u011fr\u0131s\u0131, Avrupa Komisyonu taraf\u0131ndan merkezi olarak y\u00f6netilen bir yar\u0131\u015fmad\u0131r. K\u0131sa ve basit bir testi yan\u0131tlayarak yar\u0131\u015fma yoluyla se\u00e7ilen t\u00fcm bireyler&hellip;<\/p>\n","protected":false},"author":1,"featured_media":0,"parent":16529,"menu_order":90,"comment_status":"closed","ping_status":"closed","template":"","meta":{"footnotes":""},"class_list":["post-18737","page","type-page","status-publish","hentry"],"_links":{"self":[{"href":"https:\/\/erasmusplus.idep.org.cy\/tr\/wp-json\/wp\/v2\/pages\/18737","targetHints":{"allow":["GET"]}}],"collection":[{"href":"https:\/\/erasmusplus.idep.org.cy\/tr\/wp-json\/wp\/v2\/pages"}],"about":[{"href":"https:\/\/erasmusplus.idep.org.cy\/tr\/wp-json\/wp\/v2\/types\/page"}],"author":[{"embeddable":true,"href":"https:\/\/erasmusplus.idep.org.cy\/tr\/wp-json\/wp\/v2\/users\/1"}],"replies":[{"embeddable":true,"href":"https:\/\/erasmusplus.idep.org.cy\/tr\/wp-json\/wp\/v2\/comments?post=18737"}],"version-history":[{"count":20,"href":"https:\/\/erasmusplus.idep.org.cy\/tr\/wp-json\/wp\/v2\/pages\/18737\/revisions"}],"predecessor-version":[{"id":25879,"href":"https:\/\/erasmusplus.idep.org.cy\/tr\/wp-json\/wp\/v2\/pages\/18737\/revisions\/25879"}],"up":[{"embeddable":true,"href":"https:\/\/erasmusplus.idep.org.cy\/tr\/wp-json\/wp\/v2\/pages\/16529"}],"wp:attachment":[{"href":"https:\/\/erasmusplus.idep.org.cy\/tr\/wp-json\/wp\/v2\/media?parent=18737"}],"curies":[{"name":"wp","href":"https:\/\/api.w.org\/{rel}","templated":true}]}}