{"id":16563,"date":"2024-09-02T16:06:44","date_gmt":"2024-09-02T13:06:44","guid":{"rendered":"https:\/\/erasmusplus.idep.org.cy\/proteraiotites-entaksis-kai-polymorfias\/symmetochi-ston-dimokratiko-vio-koines-aksies-kai-symmetochi-ton-politon-sta-koina\/"},"modified":"2026-03-27T11:36:16","modified_gmt":"2026-03-27T09:36:16","slug":"symmetochi-ston-dimokratiko-vio-koines-aksies-kai-symmetochi-ton-politon-sta-koina","status":"publish","type":"page","link":"https:\/\/erasmusplus.idep.org.cy\/tr\/proteraiotites-entaksis-kai-polymorfias\/symmetochi-ston-dimokratiko-vio-koines-aksies-kai-symmetochi-ton-politon-sta-koina\/","title":{"rendered":"Demokratik ya\u015fama kat\u0131l\u0131m, payla\u015f\u0131lan de\u011ferler ve sivil kat\u0131l\u0131m."},"content":{"rendered":"\t\t<div data-elementor-type=\"wp-page\" data-elementor-id=\"16563\" class=\"elementor elementor-16563 elementor-15195\" data-elementor-post-type=\"page\">\n\t\t\t\t<div class=\"elementor-element elementor-element-131feb08 e-flex e-con-boxed e-con e-parent\" data-id=\"131feb08\" data-element_type=\"container\" data-e-type=\"container\">\n\t\t\t\t\t<div class=\"e-con-inner\">\n\t\t\t\t<div class=\"elementor-element elementor-element-f1e1733 elementor-widget elementor-widget-text-editor\" data-id=\"f1e1733\" data-element_type=\"widget\" data-e-type=\"widget\" data-widget_type=\"text-editor.default\">\n\t\t\t\t<div class=\"elementor-widget-container\">\n\t\t\t\t\t\t\t\t\t<p>Program, vatanda\u015flar\u0131n demokratik s\u00fcre\u00e7lere s\u0131n\u0131rl\u0131 kat\u0131l\u0131m\u0131n\u0131 ve Avrupa Birli\u011fi hakk\u0131ndaki bilgi eksikli\u011fini ele almakta ve kendi toplumlar\u0131n\u0131n ya\u015fam\u0131na veya Birli\u011fin siyasi ve sosyal ya\u015fam\u0131na aktif olarak kat\u0131lmalar\u0131na yard\u0131mc\u0131 olmaya \u00e7al\u0131\u015fmaktad\u0131r. Vatanda\u015flar\u0131n erken ya\u015flardan itibaren Avrupa Birli\u011fi&#8217;ne ili\u015fkin anlay\u0131\u015flar\u0131n\u0131n geli\u015ftirilmesi Birli\u011fin gelece\u011fi a\u00e7\u0131s\u0131ndan hayati \u00f6nem ta\u015f\u0131maktad\u0131r. \u00d6rg\u00fcn e\u011fitimin yan\u0131 s\u0131ra yayg\u0131n e\u011fitim de vatanda\u015flar\u0131n Avrupa Birli\u011fi&#8217;ni daha iyi anlamalar\u0131na ve Birli\u011fe aidiyet duygular\u0131n\u0131 g\u00fc\u00e7lendirmelerine yard\u0131mc\u0131 olabilir.<\/p><p>Program, aktif vatanda\u015fl\u0131\u011f\u0131 ve hayat boyu \u00f6\u011frenmede etik kurallara uyulmas\u0131n\u0131 destekleyerek sosyal ve k\u00fclt\u00fcrleraras\u0131 yeterliliklerin, ele\u015ftirel d\u00fc\u015f\u00fcnmenin ve medya okuryazarl\u0131\u011f\u0131n\u0131n geli\u015ftirilmesini te\u015fvik eder. Demokratik ya\u015fama kat\u0131l\u0131m i\u00e7in f\u0131rsatlar sunan projelerin yan\u0131 s\u0131ra \u00f6rg\u00fcn ve yayg\u0131n \u00f6\u011frenme faaliyetleri yoluyla sosyal ve sivil kat\u0131l\u0131m i\u00e7in f\u0131rsatlar sunan projelere de \u00f6ncelik verilecektir. \u00d6zellikle AB&#8217;nin ortak de\u011ferleri, birlik ve \u00e7e\u015fitlilik ilkeleri ile sosyal, k\u00fclt\u00fcrel ve tarihi miras\u0131 a\u00e7\u0131s\u0131ndan Avrupa Birli\u011fi ba\u011flam\u0131na ili\u015fkin fark\u0131ndal\u0131k ve anlay\u0131\u015f\u0131n art\u0131r\u0131lmas\u0131na da \u00f6zel \u00f6nem verilmektedir.<\/p><p>Gen\u00e7lik alan\u0131nda, gen\u00e7lik kat\u0131l\u0131m stratejisi ortak bir \u00e7er\u00e7eve sa\u011flamak ve program\u0131n demokratik ya\u015famda kullan\u0131m\u0131n\u0131 desteklemek \u00fczere tasarlanm\u0131\u015ft\u0131r.<\/p>\t\t\t\t\t\t\t\t<\/div>\n\t\t\t\t<\/div>\n\t\t\t\t<div class=\"elementor-element elementor-element-c485dc7 elementor-alert-info elementor-widget elementor-widget-alert\" data-id=\"c485dc7\" data-element_type=\"widget\" data-e-type=\"widget\" data-widget_type=\"alert.default\">\n\t\t\t\t<div class=\"elementor-widget-container\">\n\t\t\t\t\t\t\t<div class=\"elementor-alert\" role=\"alert\">\n\n\t\t\t\t\t\t<span class=\"elementor-alert-title\">Bu \u00f6ncelik i\u00e7in Avrupa Hayatboyu \u00d6\u011frenme Programlar\u0131 Y\u00f6netimi Vakf\u0131 bir strateji geli\u015ftirme s\u00fcrecindedir.<\/span>\n\t\t\t\n\t\t\t\n\t\t\t\n\t\t<\/div>\n\t\t\t\t\t\t<\/div>\n\t\t\t\t<\/div>\n\t\t\t\t\t<\/div>\n\t\t\t\t<\/div>\n\t\t\t\t<\/div>\n\t\t","protected":false},"excerpt":{"rendered":"<p>Program, vatanda\u015flar\u0131n demokratik s\u00fcre\u00e7lere s\u0131n\u0131rl\u0131 kat\u0131l\u0131m\u0131n\u0131 ve Avrupa Birli\u011fi hakk\u0131ndaki bilgi eksikli\u011fini ele almakta ve kendi toplumlar\u0131n\u0131n ya\u015fam\u0131na veya Birli\u011fin siyasi ve sosyal ya\u015fam\u0131na aktif olarak kat\u0131lmalar\u0131na yard\u0131mc\u0131 olmaya \u00e7al\u0131\u015fmaktad\u0131r. Vatanda\u015flar\u0131n erken ya\u015flardan itibaren Avrupa Birli\u011fi&#8217;ne ili\u015fkin anlay\u0131\u015flar\u0131n\u0131n geli\u015ftirilmesi Birli\u011fin gelece\u011fi a\u00e7\u0131s\u0131ndan hayati \u00f6nem ta\u015f\u0131maktad\u0131r. \u00d6rg\u00fcn e\u011fitimin yan\u0131 s\u0131ra yayg\u0131n e\u011fitim de vatanda\u015flar\u0131n Avrupa Birli\u011fi&#8217;ni&hellip;<\/p>\n","protected":false},"author":1,"featured_media":0,"parent":16562,"menu_order":186,"comment_status":"closed","ping_status":"closed","template":"","meta":{"footnotes":""},"class_list":["post-16563","page","type-page","status-publish","hentry"],"_links":{"self":[{"href":"https:\/\/erasmusplus.idep.org.cy\/tr\/wp-json\/wp\/v2\/pages\/16563","targetHints":{"allow":["GET"]}}],"collection":[{"href":"https:\/\/erasmusplus.idep.org.cy\/tr\/wp-json\/wp\/v2\/pages"}],"about":[{"href":"https:\/\/erasmusplus.idep.org.cy\/tr\/wp-json\/wp\/v2\/types\/page"}],"author":[{"embeddable":true,"href":"https:\/\/erasmusplus.idep.org.cy\/tr\/wp-json\/wp\/v2\/users\/1"}],"replies":[{"embeddable":true,"href":"https:\/\/erasmusplus.idep.org.cy\/tr\/wp-json\/wp\/v2\/comments?post=16563"}],"version-history":[{"count":5,"href":"https:\/\/erasmusplus.idep.org.cy\/tr\/wp-json\/wp\/v2\/pages\/16563\/revisions"}],"predecessor-version":[{"id":16963,"href":"https:\/\/erasmusplus.idep.org.cy\/tr\/wp-json\/wp\/v2\/pages\/16563\/revisions\/16963"}],"up":[{"embeddable":true,"href":"https:\/\/erasmusplus.idep.org.cy\/tr\/wp-json\/wp\/v2\/pages\/16562"}],"wp:attachment":[{"href":"https:\/\/erasmusplus.idep.org.cy\/tr\/wp-json\/wp\/v2\/media?parent=16563"}],"curies":[{"name":"wp","href":"https:\/\/api.w.org\/{rel}","templated":true}]}}