{"id":16540,"date":"2024-05-14T13:37:51","date_gmt":"2024-05-14T10:37:51","guid":{"rendered":"https:\/\/erasmusplus.idep.org.cy\/draseis\/drastiriotites-katartisis-kai-synergasias\/tcas\/"},"modified":"2025-02-03T12:37:04","modified_gmt":"2025-02-03T10:37:04","slug":"tcas","status":"publish","type":"page","link":"https:\/\/erasmusplus.idep.org.cy\/tr\/draseis\/drastiriotites-katartisis-kai-synergasias\/tcas\/","title":{"rendered":"TCA&#8217;lar"},"content":{"rendered":"\t\t<div data-elementor-type=\"wp-page\" data-elementor-id=\"16540\" class=\"elementor elementor-16540 elementor-12531\" data-elementor-post-type=\"page\">\n\t\t\t\t<div class=\"elementor-element elementor-element-44624c8 e-flex e-con-boxed e-con e-parent\" data-id=\"44624c8\" data-element_type=\"container\" data-e-type=\"container\">\n\t\t\t\t\t<div class=\"e-con-inner\">\n\t\t<div class=\"elementor-element elementor-element-c1ea8ce e-con-full e-flex e-con e-child\" data-id=\"c1ea8ce\" data-element_type=\"container\" data-e-type=\"container\">\n\t\t\t\t<div class=\"elementor-element elementor-element-5acee7b elementor-widget elementor-widget-text-editor\" data-id=\"5acee7b\" data-element_type=\"widget\" data-e-type=\"widget\" data-widget_type=\"text-editor.default\">\n\t\t\t\t<div class=\"elementor-widget-container\">\n\t\t\t\t\t\t\t\t\t<ul><li><a href=\"https:\/\/erasmusplus.idep.org.cy\/tr\/draseis\/drastiriotites-katartisis-kai-synergasias\/tcas\/egitim-ve-ogretim\/\">E\u011fitim ve \u00d6\u011fretim<\/a><\/li><li><a href=\"https:\/\/erasmusplus.idep.org.cy\/tr\/draseis\/drastiriotites-katartisis-kai-synergasias\/tcas\/genclik-net\/\">Gen\u00e7lik \/ NET<\/a><\/li><\/ul>\t\t\t\t\t\t\t\t<\/div>\n\t\t\t\t<\/div>\n\t\t\t\t<\/div>\n\t\t<div class=\"elementor-element elementor-element-0bfbcd2 e-con-full e-flex e-con e-child\" data-id=\"0bfbcd2\" data-element_type=\"container\" data-e-type=\"container\">\n\t\t\t\t<div class=\"elementor-element elementor-element-036974a elementor-widget elementor-widget-image\" data-id=\"036974a\" data-element_type=\"widget\" data-e-type=\"widget\" data-widget_type=\"image.default\">\n\t\t\t\t<div class=\"elementor-widget-container\">\n\t\t\t\t\t\t\t\t\t\t\t\t\t\t\t<img decoding=\"async\" src=\"https:\/\/erasmusplus.idep.org.cy\/wp-content\/uploads\/elementor\/thumbs\/Erasmus-SECTOR_VET-V-1-r13vr6dbzvbs6rzw2fzxropgiup0ea9e1ej1v24b9c.jpg\" title=\"Erasmus-SECTOR_VET-V.jpg\" alt=\"Erasmus-SECTOR_VET-V.jpg\" loading=\"lazy\" \/>\t\t\t\t\t\t\t\t\t\t\t\t\t\t\t<\/div>\n\t\t\t\t<\/div>\n\t\t\t\t<\/div>\n\t\t\t\t\t<\/div>\n\t\t\t\t<\/div>\n\t\t\t\t<\/div>\n\t\t","protected":false},"excerpt":{"rendered":"<p>E\u011fitim ve \u00d6\u011fretim Gen\u00e7lik \/ NET<\/p>\n","protected":false},"author":1,"featured_media":0,"parent":16539,"menu_order":109,"comment_status":"closed","ping_status":"closed","template":"","meta":{"footnotes":""},"class_list":["post-16540","page","type-page","status-publish","hentry"],"_links":{"self":[{"href":"https:\/\/erasmusplus.idep.org.cy\/tr\/wp-json\/wp\/v2\/pages\/16540","targetHints":{"allow":["GET"]}}],"collection":[{"href":"https:\/\/erasmusplus.idep.org.cy\/tr\/wp-json\/wp\/v2\/pages"}],"about":[{"href":"https:\/\/erasmusplus.idep.org.cy\/tr\/wp-json\/wp\/v2\/types\/page"}],"author":[{"embeddable":true,"href":"https:\/\/erasmusplus.idep.org.cy\/tr\/wp-json\/wp\/v2\/users\/1"}],"replies":[{"embeddable":true,"href":"https:\/\/erasmusplus.idep.org.cy\/tr\/wp-json\/wp\/v2\/comments?post=16540"}],"version-history":[{"count":5,"href":"https:\/\/erasmusplus.idep.org.cy\/tr\/wp-json\/wp\/v2\/pages\/16540\/revisions"}],"predecessor-version":[{"id":17291,"href":"https:\/\/erasmusplus.idep.org.cy\/tr\/wp-json\/wp\/v2\/pages\/16540\/revisions\/17291"}],"up":[{"embeddable":true,"href":"https:\/\/erasmusplus.idep.org.cy\/tr\/wp-json\/wp\/v2\/pages\/16539"}],"wp:attachment":[{"href":"https:\/\/erasmusplus.idep.org.cy\/tr\/wp-json\/wp\/v2\/media?parent=16540"}],"curies":[{"name":"wp","href":"https:\/\/api.w.org\/{rel}","templated":true}]}}