{"id":16539,"date":"2024-05-14T13:37:51","date_gmt":"2024-05-14T10:37:51","guid":{"rendered":"https:\/\/erasmusplus.idep.org.cy\/draseis\/drastiriotites-katartisis-kai-synergasias\/"},"modified":"2025-01-20T11:13:41","modified_gmt":"2025-01-20T09:13:41","slug":"drastiriotites-katartisis-kai-synergasias","status":"publish","type":"page","link":"https:\/\/erasmusplus.idep.org.cy\/tr\/draseis\/drastiriotites-katartisis-kai-synergasias\/","title":{"rendered":"E\u011fitim ve \u0130\u015fbirli\u011fi Faaliyetleri"},"content":{"rendered":"","protected":false},"excerpt":{"rendered":"","protected":false},"author":1,"featured_media":0,"parent":16520,"menu_order":115,"comment_status":"closed","ping_status":"closed","template":"","meta":{"footnotes":""},"class_list":["post-16539","page","type-page","status-publish","hentry","description-off"],"_links":{"self":[{"href":"https:\/\/erasmusplus.idep.org.cy\/tr\/wp-json\/wp\/v2\/pages\/16539","targetHints":{"allow":["GET"]}}],"collection":[{"href":"https:\/\/erasmusplus.idep.org.cy\/tr\/wp-json\/wp\/v2\/pages"}],"about":[{"href":"https:\/\/erasmusplus.idep.org.cy\/tr\/wp-json\/wp\/v2\/types\/page"}],"author":[{"embeddable":true,"href":"https:\/\/erasmusplus.idep.org.cy\/tr\/wp-json\/wp\/v2\/users\/1"}],"replies":[{"embeddable":true,"href":"https:\/\/erasmusplus.idep.org.cy\/tr\/wp-json\/wp\/v2\/comments?post=16539"}],"version-history":[{"count":2,"href":"https:\/\/erasmusplus.idep.org.cy\/tr\/wp-json\/wp\/v2\/pages\/16539\/revisions"}],"predecessor-version":[{"id":16688,"href":"https:\/\/erasmusplus.idep.org.cy\/tr\/wp-json\/wp\/v2\/pages\/16539\/revisions\/16688"}],"up":[{"embeddable":true,"href":"https:\/\/erasmusplus.idep.org.cy\/tr\/wp-json\/wp\/v2\/pages\/16520"}],"wp:attachment":[{"href":"https:\/\/erasmusplus.idep.org.cy\/tr\/wp-json\/wp\/v2\/media?parent=16539"}],"curies":[{"name":"wp","href":"https:\/\/api.w.org\/{rel}","templated":true}]}}