{"id":16529,"date":"2024-05-14T13:37:51","date_gmt":"2024-05-14T10:37:51","guid":{"rendered":"https:\/\/erasmusplus.idep.org.cy\/draseis\/vasiki-drasi-1\/neolaia\/"},"modified":"2026-03-31T11:07:40","modified_gmt":"2026-03-31T08:07:40","slug":"neolaia","status":"publish","type":"page","link":"https:\/\/erasmusplus.idep.org.cy\/tr\/draseis\/vasiki-drasi-1\/neolaia\/","title":{"rendered":"Gen\u00e7lik"},"content":{"rendered":"\t\t<div data-elementor-type=\"wp-page\" data-elementor-id=\"16529\" class=\"elementor elementor-16529 elementor-12510\" data-elementor-post-type=\"page\">\n\t\t\t\t\t\t<section class=\"elementor-section elementor-top-section elementor-element elementor-element-da98255 elementor-reverse-tablet elementor-reverse-mobile elementor-section-boxed elementor-section-height-default elementor-section-height-default\" data-id=\"da98255\" data-element_type=\"section\" data-e-type=\"section\">\n\t\t\t\t\t\t<div class=\"elementor-container elementor-column-gap-wider\">\n\t\t\t\t\t<div class=\"elementor-column elementor-col-50 elementor-top-column elementor-element elementor-element-431db3c\" data-id=\"431db3c\" data-element_type=\"column\" data-e-type=\"column\">\n\t\t\t<div class=\"elementor-widget-wrap elementor-element-populated\">\n\t\t\t\t\t\t<div class=\"elementor-element elementor-element-621fa21 elementor-widget elementor-widget-text-editor\" data-id=\"621fa21\" data-element_type=\"widget\" data-e-type=\"widget\" data-widget_type=\"text-editor.default\">\n\t\t\t\t<div class=\"elementor-widget-container\">\n\t\t\t\t\t\t\t\t\t<p>Erasmus +, gen\u00e7lik de\u011fi\u015fimleri, \u00e7al\u0131\u015fan hareketlili\u011fi ve kat\u0131l\u0131m eylemleri i\u00e7in fon sa\u011flayarak gen\u00e7lik alan\u0131nda faaliyet g\u00f6steren kurulu\u015flar\u0131 desteklemektedir. \u0130ki se\u00e7enek bulunmaktad\u0131r: Yeni ba\u015fvuru sahipleri veya s\u0131n\u0131rl\u0131 faaliyetler i\u00e7in D\u00fczenli Projeler (3-24 ay) ve d\u00fczenli fon alan Erasmus akredite kurum\/kurulu\u015flar i\u00e7in Akredite Projeler. Erasmus + f\u0131rsatlar\u0131ndan yararlan\u0131n ve fark yarat\u0131n.<\/p><ul><li><a href=\"https:\/\/erasmusplus.idep.org.cy\/tr\/draseis\/vasiki-drasi-1\/neolaia\/ka-151-diapistefsi-ka150-diapistefsi-ston-tomea-neolaias\/\">KA 151 Akredite Projeler \/ KA150 Gen\u00e7lik Sekt\u00f6r\u00fcnde Akreditasyon<\/a><\/li><li><a href=\"https:\/\/erasmusplus.idep.org.cy\/tr\/draseis\/vasiki-drasi-1\/neolaia\/ka-152-youth-exchanges\/\">KA 152 Gen\u00e7lik De\u011fi\u015fimleri<\/a><\/li><li><a href=\"https:\/\/erasmusplus.idep.org.cy\/tr\/draseis\/vasiki-drasi-1\/neolaia\/ka-153-youth-workers\/\">KA 153 Gen\u00e7lik \u00e7al\u0131\u015fanlar\u0131<\/a><\/li><li><a href=\"https:\/\/erasmusplus.idep.org.cy\/tr\/draseis\/vasiki-drasi-1\/neolaia\/ka-154-drastiriotites-neon\/\">KA 154 Gen\u00e7lik Faaliyetleri<\/a><\/li><li><a href=\"https:\/\/erasmusplus.idep.org.cy\/tr\/draseis\/vasiki-drasi-1\/neolaia\/ka155-discovereu-inclusion-action\/\">DiscoverEU<\/a><\/li><\/ul>\t\t\t\t\t\t\t\t<\/div>\n\t\t\t\t<\/div>\n\t\t\t\t<div class=\"elementor-element elementor-element-4c2565c elementor-widget elementor-widget-spacer\" data-id=\"4c2565c\" data-element_type=\"widget\" data-e-type=\"widget\" data-widget_type=\"spacer.default\">\n\t\t\t\t<div class=\"elementor-widget-container\">\n\t\t\t\t\t\t\t<div class=\"elementor-spacer\">\n\t\t\t<div class=\"elementor-spacer-inner\"><\/div>\n\t\t<\/div>\n\t\t\t\t\t\t<\/div>\n\t\t\t\t<\/div>\n\t\t\t\t<div class=\"elementor-element elementor-element-523972e elementor-widget elementor-widget-spacer\" data-id=\"523972e\" data-element_type=\"widget\" data-e-type=\"widget\" data-widget_type=\"spacer.default\">\n\t\t\t\t<div class=\"elementor-widget-container\">\n\t\t\t\t\t\t\t<div class=\"elementor-spacer\">\n\t\t\t<div class=\"elementor-spacer-inner\"><\/div>\n\t\t<\/div>\n\t\t\t\t\t\t<\/div>\n\t\t\t\t<\/div>\n\t\t\t\t\t<\/div>\n\t\t<\/div>\n\t\t\t\t<div class=\"elementor-column elementor-col-50 elementor-top-column elementor-element elementor-element-714c98d\" data-id=\"714c98d\" data-element_type=\"column\" data-e-type=\"column\">\n\t\t\t<div class=\"elementor-widget-wrap elementor-element-populated\">\n\t\t\t\t\t\t<div class=\"elementor-element elementor-element-d7ad1fe elementor-widget__width-initial elementor-widget-mobile__width-auto e-transform e-transform elementor-widget elementor-widget-image\" data-id=\"d7ad1fe\" data-element_type=\"widget\" data-e-type=\"widget\" data-settings=\"{&quot;_transform_scale_effect&quot;:{&quot;unit&quot;:&quot;px&quot;,&quot;size&quot;:0.90000000000000002220446049250313080847263336181640625,&quot;sizes&quot;:[]},&quot;_transform_translateX_effect&quot;:{&quot;unit&quot;:&quot;%&quot;,&quot;size&quot;:4,&quot;sizes&quot;:[]},&quot;_transform_translateX_effect_tablet&quot;:{&quot;unit&quot;:&quot;%&quot;,&quot;size&quot;:&quot;&quot;,&quot;sizes&quot;:[]},&quot;_transform_translateX_effect_mobile&quot;:{&quot;unit&quot;:&quot;%&quot;,&quot;size&quot;:&quot;&quot;,&quot;sizes&quot;:[]},&quot;_transform_translateY_effect&quot;:{&quot;unit&quot;:&quot;px&quot;,&quot;size&quot;:&quot;&quot;,&quot;sizes&quot;:[]},&quot;_transform_translateY_effect_tablet&quot;:{&quot;unit&quot;:&quot;px&quot;,&quot;size&quot;:&quot;&quot;,&quot;sizes&quot;:[]},&quot;_transform_translateY_effect_mobile&quot;:{&quot;unit&quot;:&quot;px&quot;,&quot;size&quot;:&quot;&quot;,&quot;sizes&quot;:[]},&quot;_transform_scale_effect_tablet&quot;:{&quot;unit&quot;:&quot;px&quot;,&quot;size&quot;:&quot;&quot;,&quot;sizes&quot;:[]},&quot;_transform_scale_effect_mobile&quot;:{&quot;unit&quot;:&quot;px&quot;,&quot;size&quot;:&quot;&quot;,&quot;sizes&quot;:[]}}\" data-widget_type=\"image.default\">\n\t\t\t\t<div class=\"elementor-widget-container\">\n\t\t\t\t\t\t\t\t\t\t\t\t\t\t\t<img decoding=\"async\" src=\"https:\/\/erasmusplus.idep.org.cy\/wp-content\/uploads\/elementor\/thumbs\/Erasmus-SECTOR_Youth-H-1-r13vr3jyasatd01hi6ufuzmgytof0rx5krg3w1imjk.jpg\" title=\"Erasmus-SECTOR_Youth-H\" alt=\"Erasmus-SECTOR_Youth-H\" loading=\"lazy\" \/>\t\t\t\t\t\t\t\t\t\t\t\t\t\t\t<\/div>\n\t\t\t\t<\/div>\n\t\t\t\t<div class=\"elementor-element elementor-element-6a914f9 elementor-widget__width-initial elementor-widget-mobile__width-auto elementor-absolute e-transform e-transform elementor-widget elementor-widget-image\" data-id=\"6a914f9\" data-element_type=\"widget\" data-e-type=\"widget\" data-settings=\"{&quot;_position&quot;:&quot;absolute&quot;,&quot;_transform_translateX_effect&quot;:{&quot;unit&quot;:&quot;%&quot;,&quot;size&quot;:-20,&quot;sizes&quot;:[]},&quot;_transform_translateX_effect_tablet&quot;:{&quot;unit&quot;:&quot;%&quot;,&quot;size&quot;:&quot;&quot;,&quot;sizes&quot;:[]},&quot;_transform_translateX_effect_mobile&quot;:{&quot;unit&quot;:&quot;%&quot;,&quot;size&quot;:&quot;&quot;,&quot;sizes&quot;:[]},&quot;_transform_translateY_effect&quot;:{&quot;unit&quot;:&quot;%&quot;,&quot;size&quot;:-11,&quot;sizes&quot;:[]},&quot;_transform_translateY_effect_tablet&quot;:{&quot;unit&quot;:&quot;%&quot;,&quot;size&quot;:&quot;&quot;,&quot;sizes&quot;:[]},&quot;_transform_translateY_effect_mobile&quot;:{&quot;unit&quot;:&quot;%&quot;,&quot;size&quot;:&quot;&quot;,&quot;sizes&quot;:[]},&quot;_transform_scale_effect&quot;:{&quot;unit&quot;:&quot;px&quot;,&quot;size&quot;:0.59999999999999997779553950749686919152736663818359375,&quot;sizes&quot;:[]},&quot;_transform_scale_effect_tablet&quot;:{&quot;unit&quot;:&quot;px&quot;,&quot;size&quot;:&quot;&quot;,&quot;sizes&quot;:[]},&quot;_transform_scale_effect_mobile&quot;:{&quot;unit&quot;:&quot;px&quot;,&quot;size&quot;:&quot;&quot;,&quot;sizes&quot;:[]}}\" data-widget_type=\"image.default\">\n\t\t\t\t<div class=\"elementor-widget-container\">\n\t\t\t\t\t\t\t\t\t\t\t\t\t\t\t<img decoding=\"async\" src=\"https:\/\/erasmusplus.idep.org.cy\/wp-content\/uploads\/2022\/10\/sqr012-col1.svg\" title=\"sqr012-col1\" alt=\"sqr012-col1\" loading=\"lazy\" \/>\t\t\t\t\t\t\t\t\t\t\t\t\t\t\t<\/div>\n\t\t\t\t<\/div>\n\t\t\t\t\t<\/div>\n\t\t<\/div>\n\t\t\t\t\t<\/div>\n\t\t<\/section>\n\t\t\t\t<\/div>\n\t\t","protected":false},"excerpt":{"rendered":"<p>Erasmus +, gen\u00e7lik de\u011fi\u015fimleri, \u00e7al\u0131\u015fan hareketlili\u011fi ve kat\u0131l\u0131m eylemleri i\u00e7in fon sa\u011flayarak gen\u00e7lik alan\u0131nda faaliyet g\u00f6steren kurulu\u015flar\u0131 desteklemektedir. \u0130ki se\u00e7enek bulunmaktad\u0131r: Yeni ba\u015fvuru sahipleri veya s\u0131n\u0131rl\u0131 faaliyetler i\u00e7in D\u00fczenli Projeler (3-24 ay) ve d\u00fczenli fon alan Erasmus akredite kurum\/kurulu\u015flar i\u00e7in Akredite Projeler. Erasmus + f\u0131rsatlar\u0131ndan yararlan\u0131n ve fark yarat\u0131n. KA 151 Akredite Projeler \/ KA150&hellip;<\/p>\n","protected":false},"author":1,"featured_media":0,"parent":16522,"menu_order":51,"comment_status":"closed","ping_status":"closed","template":"","meta":{"footnotes":""},"class_list":["post-16529","page","type-page","status-publish","hentry"],"_links":{"self":[{"href":"https:\/\/erasmusplus.idep.org.cy\/tr\/wp-json\/wp\/v2\/pages\/16529","targetHints":{"allow":["GET"]}}],"collection":[{"href":"https:\/\/erasmusplus.idep.org.cy\/tr\/wp-json\/wp\/v2\/pages"}],"about":[{"href":"https:\/\/erasmusplus.idep.org.cy\/tr\/wp-json\/wp\/v2\/types\/page"}],"author":[{"embeddable":true,"href":"https:\/\/erasmusplus.idep.org.cy\/tr\/wp-json\/wp\/v2\/users\/1"}],"replies":[{"embeddable":true,"href":"https:\/\/erasmusplus.idep.org.cy\/tr\/wp-json\/wp\/v2\/comments?post=16529"}],"version-history":[{"count":10,"href":"https:\/\/erasmusplus.idep.org.cy\/tr\/wp-json\/wp\/v2\/pages\/16529\/revisions"}],"predecessor-version":[{"id":26073,"href":"https:\/\/erasmusplus.idep.org.cy\/tr\/wp-json\/wp\/v2\/pages\/16529\/revisions\/26073"}],"up":[{"embeddable":true,"href":"https:\/\/erasmusplus.idep.org.cy\/tr\/wp-json\/wp\/v2\/pages\/16522"}],"wp:attachment":[{"href":"https:\/\/erasmusplus.idep.org.cy\/tr\/wp-json\/wp\/v2\/media?parent=16529"}],"curies":[{"name":"wp","href":"https:\/\/api.w.org\/{rel}","templated":true}]}}