{"id":16517,"date":"2024-09-02T16:06:54","date_gmt":"2024-09-02T13:06:54","guid":{"rendered":"https:\/\/erasmusplus.idep.org.cy\/perivallon-kai-katapolemisi-tis-klimatikis-allagis\/"},"modified":"2025-01-27T12:52:40","modified_gmt":"2025-01-27T10:52:40","slug":"perivallon-kai-katapolemisi-tis-klimatikis-allagis","status":"publish","type":"page","link":"https:\/\/erasmusplus.idep.org.cy\/tr\/perivallon-kai-katapolemisi-tis-klimatikis-allagis\/","title":{"rendered":"\u00c7evre ve \u0130klim De\u011fi\u015fikli\u011fi ile M\u00fccadele"},"content":{"rendered":"\t\t<div data-elementor-type=\"wp-page\" data-elementor-id=\"16517\" class=\"elementor elementor-16517 elementor-15194\" data-elementor-post-type=\"page\">\n\t\t\t\t<div class=\"elementor-element elementor-element-27dbddc3 e-flex e-con-boxed e-con e-parent\" data-id=\"27dbddc3\" data-element_type=\"container\" data-e-type=\"container\">\n\t\t\t\t\t<div class=\"e-con-inner\">\n\t\t\t\t<div class=\"elementor-element elementor-element-2cc79f0 elementor-widget elementor-widget-text-editor\" data-id=\"2cc79f0\" data-element_type=\"widget\" data-e-type=\"widget\" data-widget_type=\"text-editor.default\">\n\t\t\t\t<div class=\"elementor-widget-container\">\n\t\t\t\t\t\t\t\t\t<p>\u00c7evre ve iklim eylemi AB i\u00e7in hem \u015fimdi hem de gelecekte temel \u00f6nceliklerdir.<a href=\"https:\/\/ec.europa.eu\/info\/strategy\/priorities-2019-2024\/european-green-deal_el\"> \u00a0Avrupa Ye\u015fil Anla\u015fma Belgesi\u00a0 <\/a>, b\u00fcy\u00fcmeye y\u00f6nelik yeni Avrupa stratejisidir ve 2050 y\u0131l\u0131na kadar AB&#8217;yi iklim a\u00e7\u0131s\u0131ndan n\u00f6tr hale getirecek ba\u015far\u0131l\u0131 bir ge\u00e7i\u015f i\u00e7in gereken de\u011fi\u015fiklikler konusunda \u00f6\u011frenciler, ebeveynler ve daha geni\u015f toplumla birlikte \u00e7al\u0131\u015fma konusunda okullar\u0131n, e\u011fitim kurumlar\u0131n\u0131n ve \u00fcniversitelerin kilit rol\u00fcn\u00fc kabul etmektedir.<\/p><p>Bu nedenle program, hem Avrupa Birli\u011fi i\u00e7inde hem de \u00f6tesinde iklim de\u011fi\u015fikli\u011fi ve s\u00fcrd\u00fcr\u00fclebilir kalk\u0131nmaya y\u00f6nelik bilgi, beceri ve tutumlar\u0131n geli\u015ftirilmesi i\u00e7in kilit bir ara\u00e7 olacakt\u0131r. Erasmus+, \u00f6zellikle k\u0131rsal kalk\u0131nmaya (s\u00fcrd\u00fcr\u00fclebilir tar\u0131m, do\u011fal kaynak y\u00f6netimi, toprak koruma, organik tar\u0131m) odaklanarak, kapasite geli\u015ftirmeyi te\u015fvik eden, kariyer beklentilerini art\u0131ran ve kat\u0131l\u0131mc\u0131lar\u0131 gezegenimizin s\u00fcrd\u00fcr\u00fclebilir kalk\u0131nmas\u0131 i\u00e7in stratejik \u00f6neme sahip tematik alanlara dahil eden uzun vadeli bir perspektifle ye\u015fil alanlarda hareketlilik f\u0131rsatlar\u0131n\u0131n say\u0131s\u0131n\u0131 art\u0131racakt\u0131r. Buna ek olarak, Erasmus+, hareketlili\u011fe odaklanarak, s\u00fcrd\u00fcr\u00fclebilir ula\u015f\u0131m y\u00f6ntemlerini ve daha sorumlu davran\u0131\u015flar\u0131 te\u015fvik ederek karbon n\u00f6tr bir denge sa\u011flamaya \u00e7al\u0131\u015fmal\u0131d\u0131r.<\/p><p>Program, kat\u0131l\u0131mc\u0131lar\u0131n, personelin ve gen\u00e7lik \u00e7al\u0131\u015fanlar\u0131n\u0131n de\u011fi\u015fimin ger\u00e7ek temsilcileri olmalar\u0131n\u0131 sa\u011flamak i\u00e7in yenilik\u00e7i uygulamalar\u0131n kullan\u0131lmas\u0131n\u0131 desteklemektedir (\u00f6rne\u011fin kaynak tasarrufu, enerji t\u00fcketiminin ve at\u0131klar\u0131n azalt\u0131lmas\u0131, karbon ayak izlerinin dengelenmesi, s\u00fcrd\u00fcr\u00fclebilir g\u0131da ve hareketlilik se\u00e7eneklerinin tercih edilmesi, vb.) E\u011fitim, \u00f6\u011fretim, gen\u00e7lik ve spor alanlar\u0131ndaki faaliyetler yoluyla bireysel tercihler, k\u00fclt\u00fcrel de\u011ferler ve s\u00fcrd\u00fcr\u00fclebilir kalk\u0131nma bilinci, t\u00fcketim kal\u0131plar\u0131 ve ya\u015fam tarzlar\u0131 a\u00e7\u0131s\u0131ndan tutumlar\u0131n de\u011fi\u015ftirilmesine katk\u0131da bulunan projelere de \u00f6ncelik verilecektir.<\/p><p>Programa ek olarak Avrupa Hayatboyu \u00d6\u011frenme Program\u0131 Y\u00f6netim Vakf\u0131 (\u0399\u0394\u0395\u03a0), hizmetin kendisini daha ye\u015fil hale getirmeyi ama\u00e7layan bir eylem plan\u0131 \u00e7er\u00e7evesinde bir dizi eylemi de hayata ge\u00e7irmi\u015ftir. \u00d6zellikle geri d\u00f6n\u00fc\u015f\u00fcm, s\u00fcre\u00e7lerin dijitalle\u015ftirilmesi, enerji tasarrufu ve di\u011fer eylemler uygulanmaktad\u0131r.<\/p>\t\t\t\t\t\t\t\t<\/div>\n\t\t\t\t<\/div>\n\t\t\t\t<div class=\"elementor-element elementor-element-c4c267b elementor-alert-info elementor-widget elementor-widget-alert\" data-id=\"c4c267b\" data-element_type=\"widget\" data-e-type=\"widget\" data-widget_type=\"alert.default\">\n\t\t\t\t<div class=\"elementor-widget-container\">\n\t\t\t\t\t\t\t<div class=\"elementor-alert\" role=\"alert\">\n\n\t\t\t\t\t\t<span class=\"elementor-alert-title\">Bu \u00f6ncelik i\u00e7in Avrupa Hayatboyu \u00d6\u011frenme Program\u0131 Y\u00f6netim Vakf\u0131 (\u0399\u0394\u0395\u03a0) bu \u00f6ncelik i\u00e7in bir strateji haz\u0131rlama s\u00fcrecindedir.<\/span>\n\t\t\t\n\t\t\t\n\t\t\t\n\t\t<\/div>\n\t\t\t\t\t\t<\/div>\n\t\t\t\t<\/div>\n\t\t\t\t\t<\/div>\n\t\t\t\t<\/div>\n\t\t\t\t<\/div>\n\t\t","protected":false},"excerpt":{"rendered":"<p>\u00c7evre ve iklim eylemi AB i\u00e7in hem \u015fimdi hem de gelecekte temel \u00f6nceliklerdir. \u00a0Avrupa Ye\u015fil Anla\u015fma Belgesi\u00a0 , b\u00fcy\u00fcmeye y\u00f6nelik yeni Avrupa stratejisidir ve 2050 y\u0131l\u0131na kadar AB&#8217;yi iklim a\u00e7\u0131s\u0131ndan n\u00f6tr hale getirecek ba\u015far\u0131l\u0131 bir ge\u00e7i\u015f i\u00e7in gereken de\u011fi\u015fiklikler konusunda \u00f6\u011frenciler, ebeveynler ve daha geni\u015f toplumla birlikte \u00e7al\u0131\u015fma konusunda okullar\u0131n, e\u011fitim kurumlar\u0131n\u0131n ve \u00fcniversitelerin kilit&hellip;<\/p>\n","protected":false},"author":1,"featured_media":0,"parent":0,"menu_order":40,"comment_status":"closed","ping_status":"closed","template":"","meta":{"footnotes":""},"class_list":["post-16517","page","type-page","status-publish","hentry"],"_links":{"self":[{"href":"https:\/\/erasmusplus.idep.org.cy\/tr\/wp-json\/wp\/v2\/pages\/16517","targetHints":{"allow":["GET"]}}],"collection":[{"href":"https:\/\/erasmusplus.idep.org.cy\/tr\/wp-json\/wp\/v2\/pages"}],"about":[{"href":"https:\/\/erasmusplus.idep.org.cy\/tr\/wp-json\/wp\/v2\/types\/page"}],"author":[{"embeddable":true,"href":"https:\/\/erasmusplus.idep.org.cy\/tr\/wp-json\/wp\/v2\/users\/1"}],"replies":[{"embeddable":true,"href":"https:\/\/erasmusplus.idep.org.cy\/tr\/wp-json\/wp\/v2\/comments?post=16517"}],"version-history":[{"count":5,"href":"https:\/\/erasmusplus.idep.org.cy\/tr\/wp-json\/wp\/v2\/pages\/16517\/revisions"}],"predecessor-version":[{"id":16960,"href":"https:\/\/erasmusplus.idep.org.cy\/tr\/wp-json\/wp\/v2\/pages\/16517\/revisions\/16960"}],"wp:attachment":[{"href":"https:\/\/erasmusplus.idep.org.cy\/tr\/wp-json\/wp\/v2\/media?parent=16517"}],"curies":[{"name":"wp","href":"https:\/\/api.w.org\/{rel}","templated":true}]}}