{"id":16516,"date":"2024-09-02T16:06:57","date_gmt":"2024-09-02T13:06:57","guid":{"rendered":"https:\/\/erasmusplus.idep.org.cy\/psifiakos-metaschimatismos\/"},"modified":"2025-01-28T14:20:48","modified_gmt":"2025-01-28T12:20:48","slug":"psifiakos-metaschimatismos","status":"publish","type":"page","link":"https:\/\/erasmusplus.idep.org.cy\/tr\/psifiakos-metaschimatismos\/","title":{"rendered":"Dijital d\u00f6n\u00fc\u015f\u00fcm"},"content":{"rendered":"\t\t<div data-elementor-type=\"wp-page\" data-elementor-id=\"16516\" class=\"elementor elementor-16516 elementor-15193\" data-elementor-post-type=\"page\">\n\t\t\t\t<div class=\"elementor-element elementor-element-5ea3725e e-flex e-con-boxed e-con e-parent\" data-id=\"5ea3725e\" data-element_type=\"container\" data-e-type=\"container\">\n\t\t\t\t\t<div class=\"e-con-inner\">\n\t\t\t\t<div class=\"elementor-element elementor-element-5b1ca742 elementor-widget elementor-widget-text-editor\" data-id=\"5b1ca742\" data-element_type=\"widget\" data-e-type=\"widget\" data-widget_type=\"text-editor.default\">\n\t\t\t\t<div class=\"elementor-widget-container\">\n\t\t\t\t\t\t\t\t\t<p>Program,<a href=\"https:\/\/education.ec.europa.eu\/el\/focus-topics\/digital-education\/action-plan\"> Dijital E\u011fitim Eylem Plan\u0131&#8217;n\u0131n (2021-2027) <\/a>, stratejik \u00f6ncelikleri do\u011frultusunda, \u00f6\u011frenicileri, e\u011fitimcileri, gen\u00e7lik \u00e7al\u0131\u015fanlar\u0131n\u0131, gen\u00e7leri ve kurulu\u015flar\u0131 dijital d\u00f6n\u00fc\u015f\u00fcm yolculu\u011funa dahil etmek i\u00e7in bu \u00e7abay\u0131 desteklemeyi ama\u00e7lamaktad\u0131r.<\/p><p>Program, Eylem Plan\u0131n\u0131n ilk stratejik \u00f6nceli\u011fi olan y\u00fcksek performansl\u0131 bir dijital e\u011fitim ekosisteminin geli\u015ftirilmesini destekleyecek, her t\u00fcr e\u011fitim ve \u00f6\u011fretim kurumlar\u0131nda, her d\u00fczeyde ve her sekt\u00f6rde e\u011fitim ve \u00f6\u011fretim i\u00e7in dijital teknolojilerin sundu\u011fu f\u0131rsatlardan nas\u0131l yararlan\u0131laca\u011f\u0131 ve dijital d\u00f6n\u00fc\u015f\u00fcm planlar\u0131n\u0131n nas\u0131l geli\u015ftirilece\u011fi konusunda kapasite ve ele\u015ftirel anlay\u0131\u015f olu\u015fturacakt\u0131r.<\/p><p>Program ayr\u0131ca, toplumun her seviyesinde ve herkes i\u00e7in (daha az imkana sahip ki\u015filer, \u00f6\u011frenciler, i\u015f arayanlar ve \u00e7al\u0131\u015fanlar dahil) dijital becerilerin ve yeterliliklerin geli\u015ftirilmesini g\u00fc\u00e7lendirmeyi ama\u00e7layan eylemleri destekleyerek Eylem Plan\u0131n\u0131n ikinci stratejik \u00f6nceli\u011fini de destekleyecektir. Hem temel hem de ileri dijital becerilerin yan\u0131 s\u0131ra g\u00fcnl\u00fck ya\u015fam i\u00e7in elzem hale gelen ve insanlar\u0131n algoritmalarla dolu bir d\u00fcnyada yollar\u0131n\u0131 bulmalar\u0131n\u0131 ve sivil topluma ve demokrasiye tam olarak kat\u0131lmalar\u0131n\u0131 sa\u011flayan dijital okuryazarl\u0131\u011f\u0131n te\u015fvik edilmesine \u00f6nem verilecektir.<\/p><p>Program, bilgi, ileti\u015fim ve teknoloji ara\u00e7lar\u0131n\u0131n daha fazla kullan\u0131lmas\u0131, fiziksel hareketlilik ile sanal \u00f6\u011frenme ve sanal i\u015fbirli\u011finin birlikte kullan\u0131lmas\u0131 yoluyla hem Birlik i\u00e7inde hem de Birlik d\u0131\u015f\u0131nda daha geni\u015f bir hedef gruba ula\u015fmal\u0131d\u0131r.<\/p><p>Buna ek olarak, Avrupa Hayatboyu \u00d6\u011frenme Program\u0131 Y\u00f6netim Vakf\u0131 (\u0399\u0394\u0395\u03a0), hedeflenen eylemler yoluyla bu \u00f6nceli\u011fi ele almak i\u00e7in ulusal bir strateji ve y\u0131ll\u0131k eylem plan\u0131 haz\u0131rlama s\u00fcrecindedir.<\/p>\t\t\t\t\t\t\t\t<\/div>\n\t\t\t\t<\/div>\n\t\t\t\t\t<\/div>\n\t\t\t\t<\/div>\n\t\t\t\t<\/div>\n\t\t","protected":false},"excerpt":{"rendered":"<p>Program, Dijital E\u011fitim Eylem Plan\u0131&#8217;n\u0131n (2021-2027) , stratejik \u00f6ncelikleri do\u011frultusunda, \u00f6\u011frenicileri, e\u011fitimcileri, gen\u00e7lik \u00e7al\u0131\u015fanlar\u0131n\u0131, gen\u00e7leri ve kurulu\u015flar\u0131 dijital d\u00f6n\u00fc\u015f\u00fcm yolculu\u011funa dahil etmek i\u00e7in bu \u00e7abay\u0131 desteklemeyi ama\u00e7lamaktad\u0131r. Program, Eylem Plan\u0131n\u0131n ilk stratejik \u00f6nceli\u011fi olan y\u00fcksek performansl\u0131 bir dijital e\u011fitim ekosisteminin geli\u015ftirilmesini destekleyecek, her t\u00fcr e\u011fitim ve \u00f6\u011fretim kurumlar\u0131nda, her d\u00fczeyde ve her sekt\u00f6rde e\u011fitim ve&hellip;<\/p>\n","protected":false},"author":1,"featured_media":0,"parent":0,"menu_order":37,"comment_status":"closed","ping_status":"closed","template":"","meta":{"footnotes":""},"class_list":["post-16516","page","type-page","status-publish","hentry"],"_links":{"self":[{"href":"https:\/\/erasmusplus.idep.org.cy\/tr\/wp-json\/wp\/v2\/pages\/16516","targetHints":{"allow":["GET"]}}],"collection":[{"href":"https:\/\/erasmusplus.idep.org.cy\/tr\/wp-json\/wp\/v2\/pages"}],"about":[{"href":"https:\/\/erasmusplus.idep.org.cy\/tr\/wp-json\/wp\/v2\/types\/page"}],"author":[{"embeddable":true,"href":"https:\/\/erasmusplus.idep.org.cy\/tr\/wp-json\/wp\/v2\/users\/1"}],"replies":[{"embeddable":true,"href":"https:\/\/erasmusplus.idep.org.cy\/tr\/wp-json\/wp\/v2\/comments?post=16516"}],"version-history":[{"count":8,"href":"https:\/\/erasmusplus.idep.org.cy\/tr\/wp-json\/wp\/v2\/pages\/16516\/revisions"}],"predecessor-version":[{"id":17045,"href":"https:\/\/erasmusplus.idep.org.cy\/tr\/wp-json\/wp\/v2\/pages\/16516\/revisions\/17045"}],"wp:attachment":[{"href":"https:\/\/erasmusplus.idep.org.cy\/tr\/wp-json\/wp\/v2\/media?parent=16516"}],"curies":[{"name":"wp","href":"https:\/\/api.w.org\/{rel}","templated":true}]}}