{"id":16515,"date":"2024-09-02T16:06:59","date_gmt":"2024-09-02T13:06:59","guid":{"rendered":"https:\/\/erasmusplus.idep.org.cy\/entaksi-kai-polymorfia\/"},"modified":"2025-01-27T12:51:12","modified_gmt":"2025-01-27T10:51:12","slug":"entaksi-kai-polymorfia","status":"publish","type":"page","link":"https:\/\/erasmusplus.idep.org.cy\/tr\/entaksi-kai-polymorfia\/","title":{"rendered":"Kapsay\u0131c\u0131l\u0131k ve \u00c7e\u015fitlilik"},"content":{"rendered":"\t\t<div data-elementor-type=\"wp-page\" data-elementor-id=\"16515\" class=\"elementor elementor-16515 elementor-15192\" data-elementor-post-type=\"page\">\n\t\t\t\t<div class=\"elementor-element elementor-element-46645e45 e-flex e-con-boxed e-con e-parent\" data-id=\"46645e45\" data-element_type=\"container\" data-e-type=\"container\">\n\t\t\t\t\t<div class=\"e-con-inner\">\n\t\t\t\t<div class=\"elementor-element elementor-element-5dc9ed0e elementor-widget elementor-widget-text-editor\" data-id=\"5dc9ed0e\" data-element_type=\"widget\" data-e-type=\"widget\" data-widget_type=\"text-editor.default\">\n\t\t\t\t<div class=\"elementor-widget-container\">\n\t\t\t\t\t\t\t\t\t<p>Program, t\u00fcm faaliyetlerinde f\u0131rsat e\u015fitli\u011fini ve eri\u015fimi, kapsay\u0131c\u0131l\u0131\u011f\u0131, \u00e7e\u015fitlili\u011fi ve adaleti te\u015fvik etmeyi ama\u00e7lamaktad\u0131r. Daha az f\u0131rsata sahip kurulu\u015flar ve kat\u0131l\u0131mc\u0131lar bu hedeflerin merkezinde yer almaktad\u0131r. Program onlar\u0131 dikkate al\u0131r ve mekanizmalar\u0131 ve kaynaklar\u0131 onlar\u0131n kullan\u0131m\u0131na sunar. Kurulu\u015flar, proje ve faaliyetlerini geli\u015ftirirken kapsay\u0131c\u0131 bir yakla\u015f\u0131m benimsemeli ve b\u00f6ylece bu proje ve faaliyetlerin \u00e7ok \u00e7e\u015fitli kat\u0131l\u0131mc\u0131lar i\u00e7in eri\u015filebilir olmas\u0131n\u0131 sa\u011flamal\u0131d\u0131r.<\/p><p>Bu ama\u00e7la, Ulusal Ajanslar, program hakk\u0131nda kamuoyunu bilgilendirmek ve uygulanan projeleri m\u00fcmk\u00fcn oldu\u011funca kapsay\u0131c\u0131 hale getirmek i\u00e7in desteklemek i\u00e7in f\u0131rsat e\u015fitli\u011fi sa\u011flamak konusunda e\u015fit derecede \u00f6nemlidir.<\/p><p>Hayat Boyu \u00d6\u011frenme Enstit\u00fcs\u00fc taraf\u0131ndan geli\u015ftirilen Ulusal Strateji, program\u0131n t\u00fcm alanlar\u0131n\u0131 kapsamakta ve baz\u0131 ki\u015filerin programa kat\u0131l\u0131m\u0131n\u0131 zorla\u015ft\u0131rabilecek baz\u0131 potansiyel engellerin ele al\u0131nmas\u0131na y\u00f6nelik bir \u00e7er\u00e7eve ortaya koymaktad\u0131r.<\/p>\t\t\t\t\t\t\t\t<\/div>\n\t\t\t\t<\/div>\n\t\t\t\t\t<\/div>\n\t\t\t\t<\/div>\n\t\t<div class=\"elementor-element elementor-element-0b7652e e-flex e-con-boxed e-con e-parent\" data-id=\"0b7652e\" data-element_type=\"container\" data-e-type=\"container\">\n\t\t\t\t\t<div class=\"e-con-inner\">\n\t\t<div class=\"elementor-element elementor-element-45ad3fa e-con-full e-flex e-con e-child\" data-id=\"45ad3fa\" data-element_type=\"container\" data-e-type=\"container\">\n\t\t\t\t<div class=\"elementor-element elementor-element-aa9bc5c elementor-widget elementor-widget-heading\" data-id=\"aa9bc5c\" data-element_type=\"widget\" data-e-type=\"widget\" data-widget_type=\"heading.default\">\n\t\t\t\t<div class=\"elementor-widget-container\">\n\t\t\t\t\t<h5 class=\"elementor-heading-title elementor-size-default\">Inclusion and Diversity Strategy 2021-2027<\/h5>\t\t\t\t<\/div>\n\t\t\t\t<\/div>\n\t\t\t\t<div class=\"elementor-element elementor-element-2ceaaa0 elementor-widget elementor-widget-the7_button_widget\" data-id=\"2ceaaa0\" data-element_type=\"widget\" data-e-type=\"widget\" data-widget_type=\"the7_button_widget.default\">\n\t\t\t\t<div class=\"elementor-widget-container\">\n\t\t\t\t\t<div class=\"elementor-button-wrapper\"><a href=\"https:\/\/erasmusplus.idep.org.cy\/wp-content\/uploads\/2024\/11\/Inclusion-Diversity-Strategy_CY01_Update-September-2024-f.pdf\" target=\"_blank\" class=\"box-button elementor-button elementor-size-md\">Download file<svg aria-hidden=\"true\" class=\"elementor-button-icon e-font-icon-svg e-fas-long-arrow-alt-right\" viewBox=\"0 0 448 512\" xmlns=\"http:\/\/www.w3.org\/2000\/svg\"><path d=\"M313.941 216H12c-6.627 0-12 5.373-12 12v56c0 6.627 5.373 12 12 12h301.941v46.059c0 21.382 25.851 32.09 40.971 16.971l86.059-86.059c9.373-9.373 9.373-24.569 0-33.941l-86.059-86.059c-15.119-15.119-40.971-4.411-40.971 16.971V216z\"><\/path><\/svg><\/a><\/div>\t\t\t\t<\/div>\n\t\t\t\t<\/div>\n\t\t\t\t<\/div>\n\t\t<div class=\"elementor-element elementor-element-47d85fd e-con-full e-flex e-con e-child\" data-id=\"47d85fd\" data-element_type=\"container\" data-e-type=\"container\">\n\t\t\t\t<div class=\"elementor-element elementor-element-7d0a462 elementor-widget elementor-widget-image\" data-id=\"7d0a462\" data-element_type=\"widget\" data-e-type=\"widget\" data-widget_type=\"image.default\">\n\t\t\t\t<div class=\"elementor-widget-container\">\n\t\t\t\t\t\t\t\t\t\t\t\t\t\t\t<img decoding=\"async\" width=\"150\" height=\"150\" src=\"https:\/\/erasmusplus.idep.org.cy\/wp-content\/uploads\/2024\/11\/Inclusion-Diversity-Strategy_CY01_Update-September-2024-f-1.jpg\" class=\"attachment-thumbnail size-thumbnail wp-image-15718\" alt=\"\" \/>\t\t\t\t\t\t\t\t\t\t\t\t\t\t\t<\/div>\n\t\t\t\t<\/div>\n\t\t\t\t<\/div>\n\t\t\t\t\t<\/div>\n\t\t\t\t<\/div>\n\t\t\t\t<\/div>\n\t\t","protected":false},"excerpt":{"rendered":"<p>Program, t\u00fcm faaliyetlerinde f\u0131rsat e\u015fitli\u011fini ve eri\u015fimi, kapsay\u0131c\u0131l\u0131\u011f\u0131, \u00e7e\u015fitlili\u011fi ve adaleti te\u015fvik etmeyi ama\u00e7lamaktad\u0131r. Daha az f\u0131rsata sahip kurulu\u015flar ve kat\u0131l\u0131mc\u0131lar bu hedeflerin merkezinde yer almaktad\u0131r. Program onlar\u0131 dikkate al\u0131r ve mekanizmalar\u0131 ve kaynaklar\u0131 onlar\u0131n kullan\u0131m\u0131na sunar. Kurulu\u015flar, proje ve faaliyetlerini geli\u015ftirirken kapsay\u0131c\u0131 bir yakla\u015f\u0131m benimsemeli ve b\u00f6ylece bu proje ve faaliyetlerin \u00e7ok \u00e7e\u015fitli kat\u0131l\u0131mc\u0131lar&hellip;<\/p>\n","protected":false},"author":1,"featured_media":0,"parent":0,"menu_order":32,"comment_status":"closed","ping_status":"closed","template":"","meta":{"footnotes":""},"class_list":["post-16515","page","type-page","status-publish","hentry"],"_links":{"self":[{"href":"https:\/\/erasmusplus.idep.org.cy\/tr\/wp-json\/wp\/v2\/pages\/16515","targetHints":{"allow":["GET"]}}],"collection":[{"href":"https:\/\/erasmusplus.idep.org.cy\/tr\/wp-json\/wp\/v2\/pages"}],"about":[{"href":"https:\/\/erasmusplus.idep.org.cy\/tr\/wp-json\/wp\/v2\/types\/page"}],"author":[{"embeddable":true,"href":"https:\/\/erasmusplus.idep.org.cy\/tr\/wp-json\/wp\/v2\/users\/1"}],"replies":[{"embeddable":true,"href":"https:\/\/erasmusplus.idep.org.cy\/tr\/wp-json\/wp\/v2\/comments?post=16515"}],"version-history":[{"count":5,"href":"https:\/\/erasmusplus.idep.org.cy\/tr\/wp-json\/wp\/v2\/pages\/16515\/revisions"}],"predecessor-version":[{"id":16954,"href":"https:\/\/erasmusplus.idep.org.cy\/tr\/wp-json\/wp\/v2\/pages\/16515\/revisions\/16954"}],"wp:attachment":[{"href":"https:\/\/erasmusplus.idep.org.cy\/tr\/wp-json\/wp\/v2\/media?parent=16515"}],"curies":[{"name":"wp","href":"https:\/\/api.w.org\/{rel}","templated":true}]}}